{"id":16,"date":"2020-08-27T16:38:35","date_gmt":"2020-08-27T14:38:35","guid":{"rendered":"http:\/\/groupe-six-ways.com\/?page_id=16"},"modified":"2020-09-17T07:20:11","modified_gmt":"2020-09-17T05:20:11","slug":"bienvenue","status":"publish","type":"page","link":"https:\/\/groupe-six-ways.com\/?page_id=16","title":{"rendered":"Accueil"},"content":{"rendered":"\n<p><\/p>\n\n\n\n<div style=\"height:100px\" aria-hidden=\"true\" class=\"wp-block-spacer\"><\/div>\n\n\n\n<h1 class=\"has-text-align-center has-large-font-size\"><span class=\"has-inline-color has-white-color\">Pour faire de votre \u00e9v\u00e9nement<\/span><br><span class=\"has-inline-color has-white-color\">un moment<\/span> <span class=\"has-inline-color has-white-color\"><strong>magique<\/strong>, <strong>exclusif<\/strong> et <strong>intense<\/strong>.<\/span><\/h1>\n\n\n\n<div style=\"height:100px\" aria-hidden=\"true\" class=\"wp-block-spacer\"><\/div>\n\n\n\n<div class=\"wp-block-cover alignfull has-black-background-color has-background-dim has-parallax is-position-center-center\" style=\"background-image:url(http:\/\/groupe-six-ways.com\/wp-content\/uploads\/2020\/08\/Groupe-SIX-WAYS_1.jpg)\"><div class=\"wp-block-cover__inner-container\">\n<h1 class=\"has-text-align-center has-white-color has-text-color\"><\/h1>\n<\/div><\/div>\n\n\n\n<div style=\"height:60px\" aria-hidden=\"true\" class=\"wp-block-spacer\"><\/div>\n\n\n\n<h2 class=\"has-text-align-center has-white-color has-black-background-color has-text-color has-background\"><span class=\"has-inline-color has-white-color\">PR\u00c9SENTATION<\/span><\/h2>\n\n\n\n<hr class=\"wp-block-separator has-text-color has-background has-white-background-color has-white-color is-style-default\"\/>\n\n\n\n<p><\/p>\n\n\n\n<div class=\"wp-block-columns\">\n<div class=\"wp-block-column\">\n<p class=\"has-white-color has-text-color\"><br><br>Le groupe SIX WAYS, groupe de musique fond\u00e9 en 2011, puise son \u00e9nergie dans les tubes allant des ann\u00e9es 80 \u00e0 aujourd&rsquo;hui. Accompagn\u00e9 par JC \u00e0 la batterie, Tony \u00e0 la guitare \u00e9lectrique, Christophe \u00e0 la basse, Jonathan au clavier et Sandrine au chant lead et \u00e0 la guitare, le groupe de musique pop-rock se veut dynamique et r\u00e9solument moderne.<\/p>\n\n\n\n<div class=\"wp-container-1 wp-block-buttons\">\n<div class=\"wp-block-button is-style-default\"><a class=\"wp-block-button__link has-white-color has-neve-button-color-background-color has-text-color has-background\" style=\"border-radius:20px\">En savoir plus<\/a><\/div>\n<\/div>\n\n\n\n<p><\/p>\n<\/div>\n\n\n\n<div class=\"wp-block-column\">\n<div style=\"height:20px\" aria-hidden=\"true\" class=\"wp-block-spacer\"><\/div>\n\n\n\n<div class=\"wp-block-image\"><figure class=\"aligncenter size-full\"><img loading=\"lazy\" width=\"877\" height=\"659\" src=\"https:\/\/groupe-six-ways.com\/wp-content\/uploads\/2020\/08\/Groupe-SIX-WAYS_Nantes-edited.jpg\" alt=\"Les membres du Groupe SIX WAYS\" class=\"wp-image-75\" srcset=\"https:\/\/groupe-six-ways.com\/wp-content\/uploads\/2020\/08\/Groupe-SIX-WAYS_Nantes-edited.jpg 877w, https:\/\/groupe-six-ways.com\/wp-content\/uploads\/2020\/08\/Groupe-SIX-WAYS_Nantes-edited-300x225.jpg 300w, https:\/\/groupe-six-ways.com\/wp-content\/uploads\/2020\/08\/Groupe-SIX-WAYS_Nantes-edited-768x577.jpg 768w\" sizes=\"(max-width: 877px) 100vw, 877px\" \/><\/figure><\/div>\n<\/div>\n<\/div>\n\n\n\n<div style=\"height:100px\" aria-hidden=\"true\" class=\"wp-block-spacer\"><\/div>\n\n\n\n<p><\/p>\n\n\n\n<h2 class=\"has-text-align-center has-white-color has-black-background-color has-text-color has-background\">NOUS VOUS PROPOSONS <span class=\"has-inline-color has-white-color\">DIFF\u00c9RENTES FORMULES<\/span><\/h2>\n\n\n\n<hr class=\"wp-block-separator has-text-color has-background has-white-background-color has-white-color is-style-default\"\/>\n\n\n\n<div style=\"height:100px\" aria-hidden=\"true\" class=\"wp-block-spacer\"><\/div>\n\n\n\n<h2 class=\"has-text-align-center has-white-color has-black-background-color has-text-color has-background\"><span class=\"has-inline-color has-white-color\">M\u00c9DIAS<\/span><\/h2>\n\n\n\n<hr class=\"wp-block-separator has-text-color has-background has-white-background-color has-white-color is-style-default\"\/>\n\n\n\n<p class=\"has-black-background-color has-background\"><\/p>\n","protected":false},"excerpt":{"rendered":"<p>Pour faire de votre \u00e9v\u00e9nementun moment magique, exclusif et intense. PR\u00c9SENTATION Le groupe SIX WAYS, groupe de musique fond\u00e9 en 2011, puise son \u00e9nergie dans les tubes allant des ann\u00e9es 80 \u00e0 aujourd&rsquo;hui. Accompagn\u00e9 par JC \u00e0 la batterie, Tony \u00e0 la guitare \u00e9lectrique, Christophe \u00e0 la basse, Jonathan au clavier et Sandrine au chant [&hellip;]<\/p>\n","protected":false},"author":1,"featured_media":25,"parent":0,"menu_order":0,"comment_status":"closed","ping_status":"closed","template":"","meta":{"_et_pb_use_builder":"","_et_pb_old_content":"","_et_gb_content_width":""},"_links":{"self":[{"href":"https:\/\/groupe-six-ways.com\/index.php?rest_route=\/wp\/v2\/pages\/16"}],"collection":[{"href":"https:\/\/groupe-six-ways.com\/index.php?rest_route=\/wp\/v2\/pages"}],"about":[{"href":"https:\/\/groupe-six-ways.com\/index.php?rest_route=\/wp\/v2\/types\/page"}],"author":[{"embeddable":true,"href":"https:\/\/groupe-six-ways.com\/index.php?rest_route=\/wp\/v2\/users\/1"}],"replies":[{"embeddable":true,"href":"https:\/\/groupe-six-ways.com\/index.php?rest_route=%2Fwp%2Fv2%2Fcomments&post=16"}],"version-history":[{"count":42,"href":"https:\/\/groupe-six-ways.com\/index.php?rest_route=\/wp\/v2\/pages\/16\/revisions"}],"predecessor-version":[{"id":151,"href":"https:\/\/groupe-six-ways.com\/index.php?rest_route=\/wp\/v2\/pages\/16\/revisions\/151"}],"wp:featuredmedia":[{"embeddable":true,"href":"https:\/\/groupe-six-ways.com\/index.php?rest_route=\/wp\/v2\/media\/25"}],"wp:attachment":[{"href":"https:\/\/groupe-six-ways.com\/index.php?rest_route=%2Fwp%2Fv2%2Fmedia&parent=16"}],"curies":[{"name":"wp","href":"https:\/\/api.w.org\/{rel}","templated":true}]}}